{"id":114,"date":"2022-12-06T08:26:08","date_gmt":"2022-12-06T08:26:08","guid":{"rendered":"https:\/\/blackshop.ro\/?post_type=product&#038;p=114"},"modified":"2022-12-06T08:26:27","modified_gmt":"2022-12-06T08:26:27","slug":"samsung-galaxy-s21-5g-128gb-gray","status":"publish","type":"product","link":"https:\/\/blackshop.ro\/index.php\/produs\/samsung-galaxy-s21-5g-128gb-gray\/","title":{"rendered":"Samsung Galaxy s21 5g 128gb Gray"},"content":{"rendered":"<section class=\"oro-section\">\n<div class=\"container\">\n<div class=\"row\">\n<div class=\"col-xs-12 text-center\">\n<h1>Galaxy S21 5G<\/h1>\n<\/div>\n<div class=\"col-xs-12\"><img decoding=\"async\" class=\"img-responsive\" src=\"https:\/\/www.orange.ro\/maglp\/samsung-s21-5g\/imagini\/10.jpg?v3\" alt=\"Samsung S21 5G\" \/><\/div>\n<\/div>\n<\/div>\n<\/section>\n<section class=\"oro-section\">\n<div class=\"container\">\n<div class=\"row text-center\">\n<div class=\"col-xs-12 text-center\">\n<h2>Creat pentru a descoperi epicul din fiecare zi<\/h2>\n<p>Nu vei mai rata niciodat\u0103 fotografia perfect\u0103. Descoper\u0103 Galaxy S21 5G \u0219i S21+ 5G. Conceput pentru a revolu\u01abiona filmarea \u0219i fotografierea cu o rezolu\u01abie cinematografic\u0103 de peste 8K, astfel \u020bnc\u00e2t s\u0103 po\u01abi face fotografii epice chiar dintr-un clip video. Totul vine \u020bn dou\u0103 variante: 64MP, cel mai rapid cip al nostru \u0219i o baterie solid\u0103 cu autonomie pentru \u020bntreaga zi. Lucrurile tocmai au luat o turnur\u0103 epic\u0103.<\/p>\n<\/div>\n<\/div>\n<\/div>\n<\/section>\n<section class=\"oro-section\">\n<div class=\"container\">\n<div class=\"row d-flex align-items-center\">\n<div class=\"col-xs-12 col-md-6\"><img decoding=\"async\" class=\"img-responsive\" src=\"https:\/\/www.orange.ro\/maglp\/samsung-s21-5g\/imagini\/11.jpg?v3\" alt=\"Samsung S21 5G\" \/><\/div>\n<div class=\"col-xs-12 col-md-6\">\n<div class=\"mb-5\">\n<p><b>DESIGN \u0218I AFISAJ<\/b><\/p>\n<h2>Conceput pentru a \u020bntoarce privirile<\/h2>\n<\/div>\n<div class=\"mb-5\">\n<p><b>CORNING\u00ae GORILLA\u00ae GLASS VICTUS\u2122<\/b><\/p>\n<h2>Protec\u01abie revolu\u01abionar\u0103<\/h2>\n<p>Construit\u0103 pentru acele momente \u020bn care scapi telefonul din m\u00e2na, Gorilla Glass Victus\u2122 ofer\u0103 rezisten\u01ab\u0103 la zg\u00e2rieturi \u0219i daune, f\u0103c\u00e2nd din acesta cel mai dur smartphone.<\/p>\n<\/div>\n<\/div>\n<\/div>\n<\/div>\n<\/section>\n<section class=\"oro-section bg-light-gray\">\n<div class=\"container\">\n<div class=\"row d-flex align-items-center\">\n<div class=\"col-xs-12 text-center mb-5\">\n<p><b>VIDEO PRO-GRADE<\/b><\/p>\n<h2>Treci la urmatorul nivel<\/h2>\n<\/div>\n<\/div>\n<div class=\"row d-flex align-items-center\">\n<div class=\"col-xs-12 col-md-4\"><img decoding=\"async\" class=\"img-responsive\" src=\"https:\/\/www.orange.ro\/maglp\/samsung-s21-5g\/imagini\/2.svg?v3\" alt=\"Samsung S21 5G\" \/><\/div>\n<div class=\"col-xs-12 col-md-8\"><img decoding=\"async\" class=\"img-responsive\" src=\"https:\/\/www.orange.ro\/maglp\/samsung-s21-5g\/imagini\/1.jpg?v3\" alt=\"Samsung S21 5G\" \/><\/div>\n<\/div>\n<\/div>\n<\/section>\n<section class=\"oro-section bg-light-gray\">\n<div class=\"container\">\n<div class=\"row\">\n<div class=\"col-xs-12\">\n<h2>Realizeaz\u0103 fotografii epice cu fiecare videoclip 8K<\/h2>\n<p>8K Video este cea mai \u020bnalt\u0103 rezolu\u01abie a unui smartphone Samsung, ceea ce face ca film\u0103rile tale s\u0103 arate chiar mai bine dec\u00e2t la cinematograf. \u0219i cu 8K 24fps, fiecare vlog \u0219i amintire reprezint\u0103 urm\u0103toarea ta \u0219ans\u0103 de a deveni celebru. \u020bnregistreaz\u0103, \u020bncarc\u0103 \u0219i vizioneaz\u0103 direct pe YouTube.<\/p>\n<p>Apoi folose\u0219te 8K Video Snap pentru a ob\u01abine un album cu imagini de 33MP de \u020bnalt\u0103 calitate chiar din fiecare clip video de 8K. Este u\u0219or s\u0103 \u020bnregistrezi acum \u0219i s\u0103 trimi\u01abi un snap mai t\u00e2rziu.<\/p>\n<\/div>\n<\/div>\n<\/div>\n<\/section>\n<section class=\"oro-section\">\n<div class=\"container\">\n<div class=\"row\">\n<div class=\"col-xs-12 text-center mb-5\">\n<p><b>MOD NOAPTE<\/b><\/p>\n<h2>Noaptea este a ta<\/h2>\n<\/div>\n<div class=\"col-xs-12 mb-5\"><img decoding=\"async\" class=\"img-responsive\" src=\"https:\/\/www.orange.ro\/maglp\/samsung-s21-5g\/imagini\/16.png?v3\" alt=\"Samsung S21 5G\" \/><\/div>\n<div class=\"col-xs-12 text-center\">\n<p>F\u0103r\u0103 o echip\u0103 de iluminat? Nu \u020b\u01abi place flash-ul deranjant? Nicio problem\u0103. Acum po\u01abi s\u0103 luminezi noaptea \u0219i s\u0103 o captezi \u020bn culori vii, pe timpul nop\u01abii sau \u020bn lumin\u0103 slab\u0103 \u0219i f\u0103r\u0103 toate op\u01abiunile suplimentare.<\/p>\n<\/div>\n<\/div>\n<\/div>\n<\/section>\n<section class=\"oro-section\">\n<div class=\"container\">\n<div class=\"row\">\n<div class=\"col-xs-12 text-center mb-5\">\n<p><b>SELFIE<\/b><\/p>\n<h2>\u020a\u01abi prezint\u0103 aspectul t\u0103u optim<\/h2>\n<\/div>\n<div class=\"col-xs-12 mb-5\"><img decoding=\"async\" class=\"img-responsive\" src=\"https:\/\/www.orange.ro\/maglp\/samsung-s21-5g\/imagini\/14.jpg?v3\" alt=\"Samsung S21 5G\" \/><\/div>\n<div class=\"col-xs-12 text-center\">\n<p>Modulul Selfie este \u020bmbun\u0103t\u0103\u01abit de AI pentru a-\u01abi pune \u020bn eviden\u01ab\u0103 caracteristicile \u020bntr-o culoare realist\u0103, autentic\u0103.<\/p>\n<p>Camera frontal\u0103 de 10MP captureaz\u0103 fiecare detaliu, \u020bn timp ce focalizarea automat\u0103 te asigur\u0103 c\u0103 vei avea cele mai reu\u0219ite fotografii.<\/p>\n<\/div>\n<\/div>\n<\/div>\n<\/section>\n<section class=\"oro-section\">\n<div class=\"container\">\n<div class=\"row d-flex align-items-center\">\n<div class=\"col-xs-12 col-md-6\"><img decoding=\"async\" class=\"img-responsive\" src=\"https:\/\/www.orange.ro\/maglp\/samsung-s21-5g\/imagini\/7.jpg?v3\" alt=\"Samsung S21 5G\" \/><\/div>\n<div class=\"col-xs-12 col-md-6\">\n<p><b>PROCESOR 5NM<\/b><\/p>\n<h2>Cel mai rapid cip din seria Galaxy<\/h2>\n<p>Cu mai mult\u0103 putere, vitez\u0103 \u0219i mai inteligent, procesorul de 5nm este suficient de rapid pentru a \u01abine pasul cu tine.<\/p>\n<\/div>\n<\/div>\n<\/div>\n<\/section>\n<section class=\"oro-section bg-light-gray\">\n<div class=\"container\">\n<div class=\"row d-flex align-items-center\">\n<div class=\"col-xs-12 col-md-7\">\n<p><b>SECURITATE<\/b><\/p>\n<h2>Distribuie doar ce dore\u0219ti<\/h2>\n<p>Galaxy S21 5G \u0219i S21+ 5G ofer\u0103 cel mai mare nivel al certific\u0103rii de securitate &#8211; Samsung Knox securiz\u00e2ndu-\u01abi telefonul \u020bncep\u00e2nd de la cip, iar Samsung Knox Vault cript\u00e2ndu-\u01abi datele de autentificare biometric\u0103. Iar cu senzorul de amprent\u0103 ultrasonic mai mare, cu o laten\u01ab\u0103 sc\u0103zut\u0103, po\u01abi debloca telefonul \u0219i mai repede, chiar dac\u0103 ai degetul uscat.<\/p>\n<\/div>\n<div class=\"col-xs-12 col-md-5 text-center\"><img decoding=\"async\" class=\"img-responsive mx-auto\" src=\"https:\/\/www.orange.ro\/maglp\/samsung-s21-5g\/imagini\/8.jpg?v3\" alt=\"Samsung S21 5G\" \/><\/div>\n<\/div>\n<\/div>\n<\/section>\n<section class=\"oro-section\">\n<div class=\"container\">\n<div class=\"row d-flex align-items-center\">\n<div class=\"col-xs-12 col-md-6\"><img decoding=\"async\" class=\"img-responsive\" src=\"https:\/\/www.orange.ro\/maglp\/samsung-s21-5g\/imagini\/9.jpg?v3\" alt=\"Samsung S21 5G\" \/><\/div>\n<div class=\"col-xs-12 col-md-6\">\n<p><b>SPA\u021aIU DE STOCARE<\/b><\/p>\n<h2>Pentru amintiri cu adev\u0103rat de neuitat<\/h2>\n<p>P\u00e2n\u0103 la 256 GB de memorie \u020bncorporat\u0103 \u020bnseamn\u0103 mii de momente de neuitat p\u0103strate \u020bn siguran\u01ab\u0103.<\/p>\n<\/div>\n<\/div>\n<\/div>\n<\/section>\n<section class=\"oro-section\">\n<div class=\"container\">\n<div class=\"row d-flex align-items-center\">\n<div class=\"col-xs-12 col-md-6\">\n<p><b>LINK TO WINDOWS<\/b><\/p>\n<h2>Aplica\u01abiile care \u020b\u01abi plac, direct pe computer.<\/h2>\n<p>D\u0103 clic pe meniul Start sau pe bara de activit\u0103\u01abi \u0219i deschide aplica\u01abiile mobile fixate direct pe computerul cu Windows 10. R\u0103sfoie\u0219te printre amintiri, vezi fluxurile de pe re\u01abelele de socializare \u0219i contacteaz\u0103-\u01abi prietenii. Totul e foarte simplu c\u00e2nd ai func\u01abia Your Phone Apps.<\/p>\n<\/div>\n<div class=\"col-xs-12 col-md-6\"><img decoding=\"async\" class=\"img-responsive\" src=\"https:\/\/www.orange.ro\/maglp\/samsung-s21-5g\/imagini\/6.jpg?v3\" alt=\"Samsung S21 5G\" \/><\/div>\n<\/div>\n<\/div>\n<\/section>\n","protected":false},"excerpt":{"rendered":"<p>Galaxy S21 5G Creat pentru a descoperi epicul din fiecare zi Nu vei mai rata niciodat\u0103 fotografia perfect\u0103. Descoper\u0103 Galaxy S21 5G \u0219i S21+ 5G. Conceput pentru a revolu\u01abiona filmarea \u0219i fotografierea cu o rezolu\u01abie cinematografic\u0103 de peste 8K, astfel \u020bnc\u00e2t s\u0103 po\u01abi face fotografii epice chiar dintr-un clip video. Totul vine \u020bn dou\u0103 variante: [&hellip;]<\/p>\n","protected":false},"featured_media":112,"comment_status":"open","ping_status":"closed","template":"","meta":[],"product_cat":[22],"product_tag":[51,25,57,55,23],"class_list":["post-114","product","type-product","status-publish","has-post-thumbnail","hentry","product_cat-samsung","product_tag-128gb","product_tag-galaxy","product_tag-gray","product_tag-s21","product_tag-samsung"],"yoast_head":"<!-- This site is optimized with the Yoast SEO plugin v19.11 - https:\/\/yoast.com\/wordpress\/plugins\/seo\/ -->\n<title>Samsung Galaxy s21 5g 128gb Gray - Blackshop<\/title>\n<meta name=\"description\" content=\"Samsung Galaxy s21 5g 128gb\" \/>\n<meta name=\"robots\" content=\"index, follow, max-snippet:-1, max-image-preview:large, max-video-preview:-1\" \/>\n<link rel=\"canonical\" href=\"https:\/\/blackshop.ro\/index.php\/produs\/samsung-galaxy-s21-5g-128gb-gray\/\" \/>\n<meta property=\"og:locale\" content=\"ro_RO\" \/>\n<meta property=\"og:type\" content=\"article\" \/>\n<meta property=\"og:title\" content=\"Samsung Galaxy s21 5g 128gb Gray - Blackshop\" \/>\n<meta property=\"og:description\" content=\"Samsung Galaxy s21 5g 128gb\" \/>\n<meta property=\"og:url\" content=\"https:\/\/blackshop.ro\/index.php\/produs\/samsung-galaxy-s21-5g-128gb-gray\/\" \/>\n<meta property=\"og:site_name\" content=\"Blackshop\" \/>\n<meta property=\"article:modified_time\" content=\"2022-12-06T08:26:27+00:00\" \/>\n<meta property=\"og:image\" content=\"https:\/\/blackshop.ro\/wp-content\/uploads\/2022\/12\/s21.jpeg\" \/>\n\t<meta property=\"og:image:width\" content=\"1000\" \/>\n\t<meta property=\"og:image:height\" content=\"1000\" \/>\n\t<meta property=\"og:image:type\" content=\"image\/jpeg\" \/>\n<meta name=\"twitter:card\" content=\"summary_large_image\" \/>\n<meta name=\"twitter:label1\" content=\"Timp estimat pentru citire\" \/>\n\t<meta name=\"twitter:data1\" content=\"5 minute\" \/>\n<script type=\"application\/ld+json\" class=\"yoast-schema-graph\">{\"@context\":\"https:\/\/schema.org\",\"@graph\":[{\"@type\":\"WebPage\",\"@id\":\"https:\/\/blackshop.ro\/index.php\/produs\/samsung-galaxy-s21-5g-128gb-gray\/\",\"url\":\"https:\/\/blackshop.ro\/index.php\/produs\/samsung-galaxy-s21-5g-128gb-gray\/\",\"name\":\"Samsung Galaxy s21 5g 128gb Gray - Blackshop\",\"isPartOf\":{\"@id\":\"https:\/\/blackshop.ro\/#website\"},\"datePublished\":\"2022-12-06T08:26:08+00:00\",\"dateModified\":\"2022-12-06T08:26:27+00:00\",\"description\":\"Samsung Galaxy s21 5g 128gb\",\"breadcrumb\":{\"@id\":\"https:\/\/blackshop.ro\/index.php\/produs\/samsung-galaxy-s21-5g-128gb-gray\/#breadcrumb\"},\"inLanguage\":\"ro-RO\",\"potentialAction\":[{\"@type\":\"ReadAction\",\"target\":[\"https:\/\/blackshop.ro\/index.php\/produs\/samsung-galaxy-s21-5g-128gb-gray\/\"]}]},{\"@type\":\"BreadcrumbList\",\"@id\":\"https:\/\/blackshop.ro\/index.php\/produs\/samsung-galaxy-s21-5g-128gb-gray\/#breadcrumb\",\"itemListElement\":[{\"@type\":\"ListItem\",\"position\":1,\"name\":\"Prima pagin\u0103\",\"item\":\"https:\/\/blackshop.ro\/\"},{\"@type\":\"ListItem\",\"position\":2,\"name\":\"Magazin\",\"item\":\"https:\/\/blackshop.ro\/index.php\/magazin\/\"},{\"@type\":\"ListItem\",\"position\":3,\"name\":\"Samsung Galaxy s21 5g 128gb Gray\"}]},{\"@type\":\"WebSite\",\"@id\":\"https:\/\/blackshop.ro\/#website\",\"url\":\"https:\/\/blackshop.ro\/\",\"name\":\"Blackshop\",\"description\":\"\",\"publisher\":{\"@id\":\"https:\/\/blackshop.ro\/#organization\"},\"potentialAction\":[{\"@type\":\"SearchAction\",\"target\":{\"@type\":\"EntryPoint\",\"urlTemplate\":\"https:\/\/blackshop.ro\/?s={search_term_string}\"},\"query-input\":\"required name=search_term_string\"}],\"inLanguage\":\"ro-RO\"},{\"@type\":\"Organization\",\"@id\":\"https:\/\/blackshop.ro\/#organization\",\"name\":\"Blackshop\",\"url\":\"https:\/\/blackshop.ro\/\",\"logo\":{\"@type\":\"ImageObject\",\"inLanguage\":\"ro-RO\",\"@id\":\"https:\/\/blackshop.ro\/#\/schema\/logo\/image\/\",\"url\":\"https:\/\/blackshop.ro\/wp-content\/uploads\/2022\/12\/blakcshop2.png\",\"contentUrl\":\"https:\/\/blackshop.ro\/wp-content\/uploads\/2022\/12\/blakcshop2.png\",\"width\":2958,\"height\":3905,\"caption\":\"Blackshop\"},\"image\":{\"@id\":\"https:\/\/blackshop.ro\/#\/schema\/logo\/image\/\"}}]}<\/script>\n<!-- \/ Yoast SEO plugin. -->","yoast_head_json":{"title":"Samsung Galaxy s21 5g 128gb Gray - Blackshop","description":"Samsung Galaxy s21 5g 128gb","robots":{"index":"index","follow":"follow","max-snippet":"max-snippet:-1","max-image-preview":"max-image-preview:large","max-video-preview":"max-video-preview:-1"},"canonical":"https:\/\/blackshop.ro\/index.php\/produs\/samsung-galaxy-s21-5g-128gb-gray\/","og_locale":"ro_RO","og_type":"article","og_title":"Samsung Galaxy s21 5g 128gb Gray - Blackshop","og_description":"Samsung Galaxy s21 5g 128gb","og_url":"https:\/\/blackshop.ro\/index.php\/produs\/samsung-galaxy-s21-5g-128gb-gray\/","og_site_name":"Blackshop","article_modified_time":"2022-12-06T08:26:27+00:00","og_image":[{"width":1000,"height":1000,"url":"https:\/\/blackshop.ro\/wp-content\/uploads\/2022\/12\/s21.jpeg","type":"image\/jpeg"}],"twitter_card":"summary_large_image","twitter_misc":{"Timp estimat pentru citire":"5 minute"},"schema":{"@context":"https:\/\/schema.org","@graph":[{"@type":"WebPage","@id":"https:\/\/blackshop.ro\/index.php\/produs\/samsung-galaxy-s21-5g-128gb-gray\/","url":"https:\/\/blackshop.ro\/index.php\/produs\/samsung-galaxy-s21-5g-128gb-gray\/","name":"Samsung Galaxy s21 5g 128gb Gray - Blackshop","isPartOf":{"@id":"https:\/\/blackshop.ro\/#website"},"datePublished":"2022-12-06T08:26:08+00:00","dateModified":"2022-12-06T08:26:27+00:00","description":"Samsung Galaxy s21 5g 128gb","breadcrumb":{"@id":"https:\/\/blackshop.ro\/index.php\/produs\/samsung-galaxy-s21-5g-128gb-gray\/#breadcrumb"},"inLanguage":"ro-RO","potentialAction":[{"@type":"ReadAction","target":["https:\/\/blackshop.ro\/index.php\/produs\/samsung-galaxy-s21-5g-128gb-gray\/"]}]},{"@type":"BreadcrumbList","@id":"https:\/\/blackshop.ro\/index.php\/produs\/samsung-galaxy-s21-5g-128gb-gray\/#breadcrumb","itemListElement":[{"@type":"ListItem","position":1,"name":"Prima pagin\u0103","item":"https:\/\/blackshop.ro\/"},{"@type":"ListItem","position":2,"name":"Magazin","item":"https:\/\/blackshop.ro\/index.php\/magazin\/"},{"@type":"ListItem","position":3,"name":"Samsung Galaxy s21 5g 128gb Gray"}]},{"@type":"WebSite","@id":"https:\/\/blackshop.ro\/#website","url":"https:\/\/blackshop.ro\/","name":"Blackshop","description":"","publisher":{"@id":"https:\/\/blackshop.ro\/#organization"},"potentialAction":[{"@type":"SearchAction","target":{"@type":"EntryPoint","urlTemplate":"https:\/\/blackshop.ro\/?s={search_term_string}"},"query-input":"required name=search_term_string"}],"inLanguage":"ro-RO"},{"@type":"Organization","@id":"https:\/\/blackshop.ro\/#organization","name":"Blackshop","url":"https:\/\/blackshop.ro\/","logo":{"@type":"ImageObject","inLanguage":"ro-RO","@id":"https:\/\/blackshop.ro\/#\/schema\/logo\/image\/","url":"https:\/\/blackshop.ro\/wp-content\/uploads\/2022\/12\/blakcshop2.png","contentUrl":"https:\/\/blackshop.ro\/wp-content\/uploads\/2022\/12\/blakcshop2.png","width":2958,"height":3905,"caption":"Blackshop"},"image":{"@id":"https:\/\/blackshop.ro\/#\/schema\/logo\/image\/"}}]}},"_links":{"self":[{"href":"https:\/\/blackshop.ro\/index.php\/wp-json\/wp\/v2\/product\/114","targetHints":{"allow":["GET"]}}],"collection":[{"href":"https:\/\/blackshop.ro\/index.php\/wp-json\/wp\/v2\/product"}],"about":[{"href":"https:\/\/blackshop.ro\/index.php\/wp-json\/wp\/v2\/types\/product"}],"replies":[{"embeddable":true,"href":"https:\/\/blackshop.ro\/index.php\/wp-json\/wp\/v2\/comments?post=114"}],"wp:featuredmedia":[{"embeddable":true,"href":"https:\/\/blackshop.ro\/index.php\/wp-json\/wp\/v2\/media\/112"}],"wp:attachment":[{"href":"https:\/\/blackshop.ro\/index.php\/wp-json\/wp\/v2\/media?parent=114"}],"wp:term":[{"taxonomy":"product_cat","embeddable":true,"href":"https:\/\/blackshop.ro\/index.php\/wp-json\/wp\/v2\/product_cat?post=114"},{"taxonomy":"product_tag","embeddable":true,"href":"https:\/\/blackshop.ro\/index.php\/wp-json\/wp\/v2\/product_tag?post=114"}],"curies":[{"name":"wp","href":"https:\/\/api.w.org\/{rel}","templated":true}]}}