{"id":71,"date":"2022-12-05T11:49:50","date_gmt":"2022-12-05T11:49:50","guid":{"rendered":"https:\/\/blackshop.ro\/?post_type=product&#038;p=71"},"modified":"2022-12-05T11:51:17","modified_gmt":"2022-12-05T11:51:17","slug":"samsung-galaxy-s8-64gb-purple","status":"publish","type":"product","link":"https:\/\/blackshop.ro\/index.php\/produs\/samsung-galaxy-s8-64gb-purple\/","title":{"rendered":"Samsung Galaxy S8 64gb Purple"},"content":{"rendered":"<p><img decoding=\"async\" src=\"http:\/\/www.samsungmobilestore.ro\/image\/data\/smartphone\/GalaxyS8\/Samsung%20Galaxy%20S8%20-%20Alege..jpg\" alt=\"\" \/>\u00a0<img decoding=\"async\" src=\"http:\/\/www.samsungmobilestore.ro\/image\/data\/smartphone\/GalaxyS8\/Samsung%20Galaxy%20S8%20-%20Primul%20ecran%20Infinity..jpg\" alt=\"\" \/>\u00a0<img decoding=\"async\" src=\"http:\/\/www.samsungmobilestore.ro\/image\/data\/smartphone\/GalaxyS8\/Samsung%20Galaxy%20S8%20-%20Surprinde%20fiecare%20moment..jpg\" alt=\"\" \/>\u00a0<img decoding=\"async\" src=\"http:\/\/www.samsungmobilestore.ro\/image\/data\/smartphone\/GalaxyS8\/Samsung%20Galaxy%20S8%20-%20Securitate%20imbatabil%C4%83..jpg\" alt=\"\" \/><\/p>\n<p>&nbsp;<\/p>\n<h5><strong>Caracteristici importante<\/strong><\/h5>\n<ul>\n<li>Display AMOLED Quad-HD Infinity de 5.8 inch<\/li>\n<li>Samsung Exynos 8895 (Europa \u0219i Asia) sau Qualcomm Snapdragon 835 (SUA)<\/li>\n<li>4 GB de RAM, memorie intern\u0103 de 64 GB (microSD p\u00e2n\u0103 la 256 GB)<\/li>\n<li>Baterie de 3000 mAh cu \u00eenc\u0103rcare rapid\u0103 \u0219i \u00eenc\u0103rcare wireless<\/li>\n<li>Camer\u0103 principal\u0103 de 12 MP, aperture f\/1.7 \u0219i sensor Dual Pixel<\/li>\n<\/ul>\n<p><iframe loading=\"lazy\" title=\"Samsung Galaxy S8 - Breaking Out\" width=\"1170\" height=\"658\" src=\"https:\/\/www.youtube.com\/embed\/uoBh24itPeM?feature=oembed\" frameborder=\"0\" allow=\"accelerometer; autoplay; clipboard-write; encrypted-media; gyroscope; picture-in-picture\" allowfullscreen><\/iframe><\/p>\n","protected":false},"excerpt":{"rendered":"<p>\u00a0\u00a0\u00a0 &nbsp; Caracteristici importante Display AMOLED Quad-HD Infinity de 5.8 inch Samsung Exynos 8895 (Europa \u0219i Asia) sau Qualcomm Snapdragon 835 (SUA) 4 GB de RAM, memorie intern\u0103 de 64 GB (microSD p\u00e2n\u0103 la 256 GB) Baterie de 3000 mAh cu \u00eenc\u0103rcare rapid\u0103 \u0219i \u00eenc\u0103rcare wireless Camer\u0103 principal\u0103 de 12 MP, aperture f\/1.7 \u0219i sensor [&hellip;]<\/p>\n","protected":false},"featured_media":72,"comment_status":"open","ping_status":"closed","template":"","meta":[],"product_cat":[22],"product_tag":[25,26,24,23],"class_list":["post-71","product","type-product","status-publish","has-post-thumbnail","hentry","product_cat-samsung","product_tag-galaxy","product_tag-purple","product_tag-s8","product_tag-samsung"],"yoast_head":"<!-- This site is optimized with the Yoast SEO plugin v19.11 - https:\/\/yoast.com\/wordpress\/plugins\/seo\/ -->\n<title>Samsung Galaxy S8 64gb Purple - Blackshop<\/title>\n<meta name=\"description\" content=\"Display AMOLED Quad-HD Infinity de 5.8 inchSamsung Exynos 8895 (Europa \u0219i Asia)\" \/>\n<meta name=\"robots\" content=\"index, follow, max-snippet:-1, max-image-preview:large, max-video-preview:-1\" \/>\n<link rel=\"canonical\" href=\"https:\/\/blackshop.ro\/index.php\/produs\/samsung-galaxy-s8-64gb-purple\/\" \/>\n<meta property=\"og:locale\" content=\"ro_RO\" \/>\n<meta property=\"og:type\" content=\"article\" \/>\n<meta property=\"og:title\" content=\"Samsung Galaxy S8 64gb Purple - Blackshop\" \/>\n<meta property=\"og:description\" content=\"Display AMOLED Quad-HD Infinity de 5.8 inchSamsung Exynos 8895 (Europa \u0219i Asia)\" \/>\n<meta property=\"og:url\" content=\"https:\/\/blackshop.ro\/index.php\/produs\/samsung-galaxy-s8-64gb-purple\/\" \/>\n<meta property=\"og:site_name\" content=\"Blackshop\" \/>\n<meta property=\"article:modified_time\" content=\"2022-12-05T11:51:17+00:00\" \/>\n<meta property=\"og:image\" content=\"https:\/\/blackshop.ro\/wp-content\/uploads\/2022\/12\/purple.jpg\" \/>\n\t<meta property=\"og:image:width\" content=\"450\" \/>\n\t<meta property=\"og:image:height\" content=\"450\" \/>\n\t<meta property=\"og:image:type\" content=\"image\/jpeg\" \/>\n<meta name=\"twitter:card\" content=\"summary_large_image\" \/>\n<meta name=\"twitter:label1\" content=\"Timp estimat pentru citire\" \/>\n\t<meta name=\"twitter:data1\" content=\"2 minute\" \/>\n<script type=\"application\/ld+json\" class=\"yoast-schema-graph\">{\"@context\":\"https:\/\/schema.org\",\"@graph\":[{\"@type\":\"WebPage\",\"@id\":\"https:\/\/blackshop.ro\/index.php\/produs\/samsung-galaxy-s8-64gb-purple\/\",\"url\":\"https:\/\/blackshop.ro\/index.php\/produs\/samsung-galaxy-s8-64gb-purple\/\",\"name\":\"Samsung Galaxy S8 64gb Purple - Blackshop\",\"isPartOf\":{\"@id\":\"https:\/\/blackshop.ro\/#website\"},\"datePublished\":\"2022-12-05T11:49:50+00:00\",\"dateModified\":\"2022-12-05T11:51:17+00:00\",\"description\":\"Display AMOLED Quad-HD Infinity de 5.8 inchSamsung Exynos 8895 (Europa \u0219i Asia)\",\"breadcrumb\":{\"@id\":\"https:\/\/blackshop.ro\/index.php\/produs\/samsung-galaxy-s8-64gb-purple\/#breadcrumb\"},\"inLanguage\":\"ro-RO\",\"potentialAction\":[{\"@type\":\"ReadAction\",\"target\":[\"https:\/\/blackshop.ro\/index.php\/produs\/samsung-galaxy-s8-64gb-purple\/\"]}]},{\"@type\":\"BreadcrumbList\",\"@id\":\"https:\/\/blackshop.ro\/index.php\/produs\/samsung-galaxy-s8-64gb-purple\/#breadcrumb\",\"itemListElement\":[{\"@type\":\"ListItem\",\"position\":1,\"name\":\"Prima pagin\u0103\",\"item\":\"https:\/\/blackshop.ro\/\"},{\"@type\":\"ListItem\",\"position\":2,\"name\":\"Magazin\",\"item\":\"https:\/\/blackshop.ro\/index.php\/magazin\/\"},{\"@type\":\"ListItem\",\"position\":3,\"name\":\"Samsung Galaxy S8 64gb Purple\"}]},{\"@type\":\"WebSite\",\"@id\":\"https:\/\/blackshop.ro\/#website\",\"url\":\"https:\/\/blackshop.ro\/\",\"name\":\"Blackshop\",\"description\":\"\",\"publisher\":{\"@id\":\"https:\/\/blackshop.ro\/#organization\"},\"potentialAction\":[{\"@type\":\"SearchAction\",\"target\":{\"@type\":\"EntryPoint\",\"urlTemplate\":\"https:\/\/blackshop.ro\/?s={search_term_string}\"},\"query-input\":\"required name=search_term_string\"}],\"inLanguage\":\"ro-RO\"},{\"@type\":\"Organization\",\"@id\":\"https:\/\/blackshop.ro\/#organization\",\"name\":\"Blackshop\",\"url\":\"https:\/\/blackshop.ro\/\",\"logo\":{\"@type\":\"ImageObject\",\"inLanguage\":\"ro-RO\",\"@id\":\"https:\/\/blackshop.ro\/#\/schema\/logo\/image\/\",\"url\":\"https:\/\/blackshop.ro\/wp-content\/uploads\/2022\/12\/blakcshop2.png\",\"contentUrl\":\"https:\/\/blackshop.ro\/wp-content\/uploads\/2022\/12\/blakcshop2.png\",\"width\":2958,\"height\":3905,\"caption\":\"Blackshop\"},\"image\":{\"@id\":\"https:\/\/blackshop.ro\/#\/schema\/logo\/image\/\"}}]}<\/script>\n<!-- \/ Yoast SEO plugin. -->","yoast_head_json":{"title":"Samsung Galaxy S8 64gb Purple - Blackshop","description":"Display AMOLED Quad-HD Infinity de 5.8 inchSamsung Exynos 8895 (Europa \u0219i Asia)","robots":{"index":"index","follow":"follow","max-snippet":"max-snippet:-1","max-image-preview":"max-image-preview:large","max-video-preview":"max-video-preview:-1"},"canonical":"https:\/\/blackshop.ro\/index.php\/produs\/samsung-galaxy-s8-64gb-purple\/","og_locale":"ro_RO","og_type":"article","og_title":"Samsung Galaxy S8 64gb Purple - Blackshop","og_description":"Display AMOLED Quad-HD Infinity de 5.8 inchSamsung Exynos 8895 (Europa \u0219i Asia)","og_url":"https:\/\/blackshop.ro\/index.php\/produs\/samsung-galaxy-s8-64gb-purple\/","og_site_name":"Blackshop","article_modified_time":"2022-12-05T11:51:17+00:00","og_image":[{"width":450,"height":450,"url":"https:\/\/blackshop.ro\/wp-content\/uploads\/2022\/12\/purple.jpg","type":"image\/jpeg"}],"twitter_card":"summary_large_image","twitter_misc":{"Timp estimat pentru citire":"2 minute"},"schema":{"@context":"https:\/\/schema.org","@graph":[{"@type":"WebPage","@id":"https:\/\/blackshop.ro\/index.php\/produs\/samsung-galaxy-s8-64gb-purple\/","url":"https:\/\/blackshop.ro\/index.php\/produs\/samsung-galaxy-s8-64gb-purple\/","name":"Samsung Galaxy S8 64gb Purple - Blackshop","isPartOf":{"@id":"https:\/\/blackshop.ro\/#website"},"datePublished":"2022-12-05T11:49:50+00:00","dateModified":"2022-12-05T11:51:17+00:00","description":"Display AMOLED Quad-HD Infinity de 5.8 inchSamsung Exynos 8895 (Europa \u0219i Asia)","breadcrumb":{"@id":"https:\/\/blackshop.ro\/index.php\/produs\/samsung-galaxy-s8-64gb-purple\/#breadcrumb"},"inLanguage":"ro-RO","potentialAction":[{"@type":"ReadAction","target":["https:\/\/blackshop.ro\/index.php\/produs\/samsung-galaxy-s8-64gb-purple\/"]}]},{"@type":"BreadcrumbList","@id":"https:\/\/blackshop.ro\/index.php\/produs\/samsung-galaxy-s8-64gb-purple\/#breadcrumb","itemListElement":[{"@type":"ListItem","position":1,"name":"Prima pagin\u0103","item":"https:\/\/blackshop.ro\/"},{"@type":"ListItem","position":2,"name":"Magazin","item":"https:\/\/blackshop.ro\/index.php\/magazin\/"},{"@type":"ListItem","position":3,"name":"Samsung Galaxy S8 64gb Purple"}]},{"@type":"WebSite","@id":"https:\/\/blackshop.ro\/#website","url":"https:\/\/blackshop.ro\/","name":"Blackshop","description":"","publisher":{"@id":"https:\/\/blackshop.ro\/#organization"},"potentialAction":[{"@type":"SearchAction","target":{"@type":"EntryPoint","urlTemplate":"https:\/\/blackshop.ro\/?s={search_term_string}"},"query-input":"required name=search_term_string"}],"inLanguage":"ro-RO"},{"@type":"Organization","@id":"https:\/\/blackshop.ro\/#organization","name":"Blackshop","url":"https:\/\/blackshop.ro\/","logo":{"@type":"ImageObject","inLanguage":"ro-RO","@id":"https:\/\/blackshop.ro\/#\/schema\/logo\/image\/","url":"https:\/\/blackshop.ro\/wp-content\/uploads\/2022\/12\/blakcshop2.png","contentUrl":"https:\/\/blackshop.ro\/wp-content\/uploads\/2022\/12\/blakcshop2.png","width":2958,"height":3905,"caption":"Blackshop"},"image":{"@id":"https:\/\/blackshop.ro\/#\/schema\/logo\/image\/"}}]}},"_links":{"self":[{"href":"https:\/\/blackshop.ro\/index.php\/wp-json\/wp\/v2\/product\/71","targetHints":{"allow":["GET"]}}],"collection":[{"href":"https:\/\/blackshop.ro\/index.php\/wp-json\/wp\/v2\/product"}],"about":[{"href":"https:\/\/blackshop.ro\/index.php\/wp-json\/wp\/v2\/types\/product"}],"replies":[{"embeddable":true,"href":"https:\/\/blackshop.ro\/index.php\/wp-json\/wp\/v2\/comments?post=71"}],"wp:featuredmedia":[{"embeddable":true,"href":"https:\/\/blackshop.ro\/index.php\/wp-json\/wp\/v2\/media\/72"}],"wp:attachment":[{"href":"https:\/\/blackshop.ro\/index.php\/wp-json\/wp\/v2\/media?parent=71"}],"wp:term":[{"taxonomy":"product_cat","embeddable":true,"href":"https:\/\/blackshop.ro\/index.php\/wp-json\/wp\/v2\/product_cat?post=71"},{"taxonomy":"product_tag","embeddable":true,"href":"https:\/\/blackshop.ro\/index.php\/wp-json\/wp\/v2\/product_tag?post=71"}],"curies":[{"name":"wp","href":"https:\/\/api.w.org\/{rel}","templated":true}]}}