{"id":83,"date":"2022-12-05T18:56:39","date_gmt":"2022-12-05T18:56:39","guid":{"rendered":"https:\/\/blackshop.ro\/?post_type=product&#038;p=83"},"modified":"2022-12-05T19:07:19","modified_gmt":"2022-12-05T19:07:19","slug":"iphone-13-mini-blue","status":"publish","type":"product","link":"https:\/\/blackshop.ro\/index.php\/produs\/iphone-13-mini-blue\/","title":{"rendered":"Iphone 13 mini blue"},"content":{"rendered":"<div class=\"contorsy-cp-bw-txt\">\n<h2>Telefon mobil Apple iPhone 13 mini 5G, 128GB<\/h2>\n<\/div>\n<div class=\"contorsy-cp-bw\">\n<div class=\"contorsy-cp-bw-txt\">\n<h2>Noua ta superputere<\/h2>\n<\/div>\n<div class=\"contorsy-st\">Un ecran super luminos, intr-un design rezistent. Inregistrare video demna de Hollywood, la indemana tuturor. Un cip fulgerator de rapid. Autonomia bateriei &#8211; un fantastic salt inainte pe care-l vei observa zilnic.<\/div>\n<p><img decoding=\"async\" src=\"https:\/\/www.flanco.ro\/media\/cms_content\/Poze_produse\/poze_telefoane\/iPhone_13_Green_Pure_Back_iPhone_13_Green_Pure_Front_2-up_D1.jpg\" alt=\"Noua ta superputere\" \/><\/p>\n<\/div>\n<div class=\"contorsy-rp-cc\">\n<div class=\"contorsy-txt-rp-cc\">\n<h2>Super luminozitate. Super culoare. Super claritate<\/h2>\n<p>Un ecran OLED mai stralucit, care ofera atat vizibilitate mai buna in lumina puternica a soarelui, cat si eficienta energetica. Cu un design rezistent, inclusiv la apa si praf.<\/p>\n<\/div>\n<div class=\"contorsy-rp-cc-img\"><img decoding=\"async\" src=\"https:\/\/www.flanco.ro\/media\/cms_content\/Poze_produse\/poze_telefoane\/iPhone_13_Green_Pure_Back_iPhone_13_Green_Pure_Front_2-up_D2.jpg\" alt=\"Ecran LCD\" \/><\/div>\n<\/div>\n<div class=\"contorsy-cp-bw\">\n<div class=\"contorsy-cp-bw-txt\">\n<h2>iPhone a absolvit academia de film pentru tine.<\/h2>\n<\/div>\n<div class=\"contorsy-st\">Creeaza automat efecte superbe de profunzime de camp si tranzitii elegante de focalizare in videoclipuri. Imbunatateste calitatea narativa a scenelor pe care le filmezi.<\/div>\n<p><img decoding=\"async\" src=\"https:\/\/www.flanco.ro\/media\/cms_content\/Poze_produse\/poze_telefoane\/iPhone_13_Green_Pure_Back_iPhone_13_Green_Pure_Front_2-up_D3.jpg\" alt=\"iPhone\" \/><\/p>\n<\/div>\n<div class=\"contorsy-cp-bw\">\n<div class=\"contorsy-cp-bw-txt\">\n<h2>Camere avansate. Poze la nivel superior.<\/h2>\n<\/div>\n<div class=\"contorsy-st\">Un upgrade urias pentru poze si videoclipuri mai bune. Obiectivul larg capteaza mai multa lumina. Stabilizare optica a imaginii prin deplasarea senzorului. Obtine cu obiectivul ultra larg mai multe detalii in zonele intunecate ale pozelor tale.<\/div>\n<p><img decoding=\"async\" src=\"https:\/\/www.flanco.ro\/media\/cms_content\/Poze_produse\/poze_telefoane\/iPhone_13_Green_Pure_Back_iPhone_13_Green_Pure_Front_2-up_D4.jpg\" alt=\"Camere avansate\" \/><\/p>\n<\/div>\n<div class=\"contorsy-cp-bw\">\n<div class=\"contorsy-cp-bw-txt\">\n<h2>Autonomia bateriei bate noi recorduri.<\/h2>\n<\/div>\n<div class=\"contorsy-st\">Autonomia bateriei &#8211; un fantastic salt \u00eenainte pe care-l vei observa zilnic. Asta \u00eenseamn\u0103 mai mult timp pentru video, jocuri \u0219i alte lucruri care-\u021bi plac. Chiar \u0219i pe iPhone 13 mini.<\/div>\n<p><img decoding=\"async\" src=\"https:\/\/www.flanco.ro\/media\/cms_content\/Poze_produse\/poze_telefoane\/iPhone_13_Green_Pure_Back_iPhone_13_Green_Pure_Front_2-up_D5.jpg\" alt=\"Autonomia bateriei\" \/><\/p>\n<\/div>\n<div class=\"contorsy-cp-bw\">\n<div class=\"contorsy-cp-bw-txt\">\n<h2>Accelereaza performanta. Aduce un upgrade urias camerei. Optimizeaza consumul de energie.<\/h2>\n<\/div>\n<div class=\"contorsy-st\">Cipul Bionic A15 ofera puterea de care e nevoie in jocurile grafic-intensive sau la noile caracteristici ale camerei, precum modul Cinematic si Stilurile fotografice. In plus, este mai eficient energetic, oferind o autonomie mai mare.<\/div>\n<p><img decoding=\"async\" src=\"https:\/\/www.flanco.ro\/media\/cms_content\/Poze_produse\/poze_telefoane\/iPhone_13_Green_Pure_Back_iPhone_13_Green_Pure_Front_2-up_D6.jpg\" alt=\"Accelereaza\" \/><\/p>\n<\/div>\n<div class=\"contorsy-rp-cc\">\n<div class=\"contorsy-txt-rp-cc\">\n<h2>Ataseaza lejer o carcasa, un portofel sau pe ambele.<\/h2>\n<p>Un nou ecosistem de accesorii pentru atasare simpla si incarcare wireless mai rapida. Datorita nenumaratelor combinatii, exista optiuni potrivite fiecarui stil<\/p>\n<\/div>\n<div class=\"contorsy-rp-cc-img\"><img decoding=\"async\" src=\"https:\/\/www.flanco.ro\/media\/cms_content\/Poze_produse\/poze_telefoane\/iPhone_13_Green_Pure_Back_iPhone_13_Green_Pure_Front_2-up_D8.jpg\" alt=\"Ataseaza lejer\" \/><\/div>\n<\/div>\n<div class=\"contorsy-lp-cc\">\n<div class=\"contorsy-lp-cc-img\"><img decoding=\"async\" src=\"https:\/\/www.flanco.ro\/media\/cms_content\/Poze_produse\/poze_telefoane\/iPhone_13_Green_Pure_Back_iPhone_13_Green_Pure_Front_2-up_D9.jpg\" alt=\"Apple Air Tag\" \/><\/div>\n<div class=\"contorsy-txt-lp-cc\">\n<h2>Apple AirTag Cel mai usor mod de a-ti gasi lucrurile.<\/h2>\n<p>Ataseaza AirTag pentru a-ti urmari obiectele personale importante. Apoi, le poti localiza cu usurinta in aplicatia Gasire<\/p>\n<\/div>\n<\/div>\n<div class=\"contorsy-cp-bw\">\n<div class=\"contorsy-cp-bw-txt\">\n<h2>Exista 5G. Dar 5G pe iPhone e cu totul altceva.<\/h2>\n<\/div>\n<div class=\"contorsy-st\">Totul se intampla mult mai repede pe 5G.\u25ca Este suficient de rapid pentru jocuri multiplayer si multe altele. Iar modul Smart Data economiseste automat autonomia bateriei atunci cand nu ai nevoie de viteza maxima.<\/div>\n<p><img decoding=\"async\" src=\"https:\/\/www.flanco.ro\/media\/cms_content\/Poze_produse\/poze_telefoane\/iPhone_13_Green_Pure_Back_iPhone_13_Green_Pure_Front_2-up_D7.jpg\" alt=\"Exista 5G\" \/><\/p>\n<\/div>\n","protected":false},"excerpt":{"rendered":"<p>Telefon mobil Apple iPhone 13 mini 5G, 128GB Noua ta superputere Un ecran super luminos, intr-un design rezistent. Inregistrare video demna de Hollywood, la indemana tuturor. Un cip fulgerator de rapid. Autonomia bateriei &#8211; un fantastic salt inainte pe care-l vei observa zilnic. Super luminozitate. Super culoare. Super claritate Un ecran OLED mai stralucit, care [&hellip;]<\/p>\n","protected":false},"featured_media":85,"comment_status":"open","ping_status":"closed","template":"","meta":[],"product_cat":[39],"product_tag":[45,40,46],"class_list":["post-83","product","type-product","status-publish","has-post-thumbnail","hentry","product_cat-iphone","product_tag-45","product_tag-iphone","product_tag-mini"],"yoast_head":"<!-- This site is optimized with the Yoast SEO plugin v19.11 - https:\/\/yoast.com\/wordpress\/plugins\/seo\/ -->\n<title>Iphone 13 mini blue - Blackshop<\/title>\n<meta name=\"description\" content=\"Telefon mobil Apple iPhone 13 mini 5G, 128GBNoua ta superputere\" \/>\n<meta name=\"robots\" content=\"index, follow, max-snippet:-1, max-image-preview:large, max-video-preview:-1\" \/>\n<link rel=\"canonical\" href=\"https:\/\/blackshop.ro\/index.php\/produs\/iphone-13-mini-blue\/\" \/>\n<meta property=\"og:locale\" content=\"ro_RO\" \/>\n<meta property=\"og:type\" content=\"article\" \/>\n<meta property=\"og:title\" content=\"Iphone 13 mini blue - Blackshop\" \/>\n<meta property=\"og:description\" content=\"Telefon mobil Apple iPhone 13 mini 5G, 128GBNoua ta superputere\" \/>\n<meta property=\"og:url\" content=\"https:\/\/blackshop.ro\/index.php\/produs\/iphone-13-mini-blue\/\" \/>\n<meta property=\"og:site_name\" content=\"Blackshop\" \/>\n<meta property=\"article:modified_time\" content=\"2022-12-05T19:07:19+00:00\" \/>\n<meta property=\"og:image\" content=\"https:\/\/blackshop.ro\/wp-content\/uploads\/2022\/12\/13mini.webp\" \/>\n\t<meta property=\"og:image:width\" content=\"2000\" \/>\n\t<meta property=\"og:image:height\" content=\"2000\" \/>\n\t<meta property=\"og:image:type\" content=\"image\/webp\" \/>\n<meta name=\"twitter:card\" content=\"summary_large_image\" \/>\n<meta name=\"twitter:label1\" content=\"Timp estimat pentru citire\" \/>\n\t<meta name=\"twitter:data1\" content=\"4 minute\" \/>\n<script type=\"application\/ld+json\" class=\"yoast-schema-graph\">{\"@context\":\"https:\/\/schema.org\",\"@graph\":[{\"@type\":\"WebPage\",\"@id\":\"https:\/\/blackshop.ro\/index.php\/produs\/iphone-13-mini-blue\/\",\"url\":\"https:\/\/blackshop.ro\/index.php\/produs\/iphone-13-mini-blue\/\",\"name\":\"Iphone 13 mini blue - Blackshop\",\"isPartOf\":{\"@id\":\"https:\/\/blackshop.ro\/#website\"},\"datePublished\":\"2022-12-05T18:56:39+00:00\",\"dateModified\":\"2022-12-05T19:07:19+00:00\",\"description\":\"Telefon mobil Apple iPhone 13 mini 5G, 128GBNoua ta superputere\",\"breadcrumb\":{\"@id\":\"https:\/\/blackshop.ro\/index.php\/produs\/iphone-13-mini-blue\/#breadcrumb\"},\"inLanguage\":\"ro-RO\",\"potentialAction\":[{\"@type\":\"ReadAction\",\"target\":[\"https:\/\/blackshop.ro\/index.php\/produs\/iphone-13-mini-blue\/\"]}]},{\"@type\":\"BreadcrumbList\",\"@id\":\"https:\/\/blackshop.ro\/index.php\/produs\/iphone-13-mini-blue\/#breadcrumb\",\"itemListElement\":[{\"@type\":\"ListItem\",\"position\":1,\"name\":\"Prima pagin\u0103\",\"item\":\"https:\/\/blackshop.ro\/\"},{\"@type\":\"ListItem\",\"position\":2,\"name\":\"Magazin\",\"item\":\"https:\/\/blackshop.ro\/index.php\/magazin\/\"},{\"@type\":\"ListItem\",\"position\":3,\"name\":\"Iphone 13 mini blue\"}]},{\"@type\":\"WebSite\",\"@id\":\"https:\/\/blackshop.ro\/#website\",\"url\":\"https:\/\/blackshop.ro\/\",\"name\":\"Blackshop\",\"description\":\"\",\"publisher\":{\"@id\":\"https:\/\/blackshop.ro\/#organization\"},\"potentialAction\":[{\"@type\":\"SearchAction\",\"target\":{\"@type\":\"EntryPoint\",\"urlTemplate\":\"https:\/\/blackshop.ro\/?s={search_term_string}\"},\"query-input\":\"required name=search_term_string\"}],\"inLanguage\":\"ro-RO\"},{\"@type\":\"Organization\",\"@id\":\"https:\/\/blackshop.ro\/#organization\",\"name\":\"Blackshop\",\"url\":\"https:\/\/blackshop.ro\/\",\"logo\":{\"@type\":\"ImageObject\",\"inLanguage\":\"ro-RO\",\"@id\":\"https:\/\/blackshop.ro\/#\/schema\/logo\/image\/\",\"url\":\"https:\/\/blackshop.ro\/wp-content\/uploads\/2022\/12\/blakcshop2.png\",\"contentUrl\":\"https:\/\/blackshop.ro\/wp-content\/uploads\/2022\/12\/blakcshop2.png\",\"width\":2958,\"height\":3905,\"caption\":\"Blackshop\"},\"image\":{\"@id\":\"https:\/\/blackshop.ro\/#\/schema\/logo\/image\/\"}}]}<\/script>\n<!-- \/ Yoast SEO plugin. -->","yoast_head_json":{"title":"Iphone 13 mini blue - Blackshop","description":"Telefon mobil Apple iPhone 13 mini 5G, 128GBNoua ta superputere","robots":{"index":"index","follow":"follow","max-snippet":"max-snippet:-1","max-image-preview":"max-image-preview:large","max-video-preview":"max-video-preview:-1"},"canonical":"https:\/\/blackshop.ro\/index.php\/produs\/iphone-13-mini-blue\/","og_locale":"ro_RO","og_type":"article","og_title":"Iphone 13 mini blue - Blackshop","og_description":"Telefon mobil Apple iPhone 13 mini 5G, 128GBNoua ta superputere","og_url":"https:\/\/blackshop.ro\/index.php\/produs\/iphone-13-mini-blue\/","og_site_name":"Blackshop","article_modified_time":"2022-12-05T19:07:19+00:00","og_image":[{"width":2000,"height":2000,"url":"https:\/\/blackshop.ro\/wp-content\/uploads\/2022\/12\/13mini.webp","type":"image\/webp"}],"twitter_card":"summary_large_image","twitter_misc":{"Timp estimat pentru citire":"4 minute"},"schema":{"@context":"https:\/\/schema.org","@graph":[{"@type":"WebPage","@id":"https:\/\/blackshop.ro\/index.php\/produs\/iphone-13-mini-blue\/","url":"https:\/\/blackshop.ro\/index.php\/produs\/iphone-13-mini-blue\/","name":"Iphone 13 mini blue - Blackshop","isPartOf":{"@id":"https:\/\/blackshop.ro\/#website"},"datePublished":"2022-12-05T18:56:39+00:00","dateModified":"2022-12-05T19:07:19+00:00","description":"Telefon mobil Apple iPhone 13 mini 5G, 128GBNoua ta superputere","breadcrumb":{"@id":"https:\/\/blackshop.ro\/index.php\/produs\/iphone-13-mini-blue\/#breadcrumb"},"inLanguage":"ro-RO","potentialAction":[{"@type":"ReadAction","target":["https:\/\/blackshop.ro\/index.php\/produs\/iphone-13-mini-blue\/"]}]},{"@type":"BreadcrumbList","@id":"https:\/\/blackshop.ro\/index.php\/produs\/iphone-13-mini-blue\/#breadcrumb","itemListElement":[{"@type":"ListItem","position":1,"name":"Prima pagin\u0103","item":"https:\/\/blackshop.ro\/"},{"@type":"ListItem","position":2,"name":"Magazin","item":"https:\/\/blackshop.ro\/index.php\/magazin\/"},{"@type":"ListItem","position":3,"name":"Iphone 13 mini blue"}]},{"@type":"WebSite","@id":"https:\/\/blackshop.ro\/#website","url":"https:\/\/blackshop.ro\/","name":"Blackshop","description":"","publisher":{"@id":"https:\/\/blackshop.ro\/#organization"},"potentialAction":[{"@type":"SearchAction","target":{"@type":"EntryPoint","urlTemplate":"https:\/\/blackshop.ro\/?s={search_term_string}"},"query-input":"required name=search_term_string"}],"inLanguage":"ro-RO"},{"@type":"Organization","@id":"https:\/\/blackshop.ro\/#organization","name":"Blackshop","url":"https:\/\/blackshop.ro\/","logo":{"@type":"ImageObject","inLanguage":"ro-RO","@id":"https:\/\/blackshop.ro\/#\/schema\/logo\/image\/","url":"https:\/\/blackshop.ro\/wp-content\/uploads\/2022\/12\/blakcshop2.png","contentUrl":"https:\/\/blackshop.ro\/wp-content\/uploads\/2022\/12\/blakcshop2.png","width":2958,"height":3905,"caption":"Blackshop"},"image":{"@id":"https:\/\/blackshop.ro\/#\/schema\/logo\/image\/"}}]}},"_links":{"self":[{"href":"https:\/\/blackshop.ro\/index.php\/wp-json\/wp\/v2\/product\/83","targetHints":{"allow":["GET"]}}],"collection":[{"href":"https:\/\/blackshop.ro\/index.php\/wp-json\/wp\/v2\/product"}],"about":[{"href":"https:\/\/blackshop.ro\/index.php\/wp-json\/wp\/v2\/types\/product"}],"replies":[{"embeddable":true,"href":"https:\/\/blackshop.ro\/index.php\/wp-json\/wp\/v2\/comments?post=83"}],"wp:featuredmedia":[{"embeddable":true,"href":"https:\/\/blackshop.ro\/index.php\/wp-json\/wp\/v2\/media\/85"}],"wp:attachment":[{"href":"https:\/\/blackshop.ro\/index.php\/wp-json\/wp\/v2\/media?parent=83"}],"wp:term":[{"taxonomy":"product_cat","embeddable":true,"href":"https:\/\/blackshop.ro\/index.php\/wp-json\/wp\/v2\/product_cat?post=83"},{"taxonomy":"product_tag","embeddable":true,"href":"https:\/\/blackshop.ro\/index.php\/wp-json\/wp\/v2\/product_tag?post=83"}],"curies":[{"name":"wp","href":"https:\/\/api.w.org\/{rel}","templated":true}]}}